{"id":10823,"date":"2024-04-08T01:42:08","date_gmt":"2024-04-08T01:42:08","guid":{"rendered":"https:\/\/www.ywsign.com\/politica-de-privacidad\/"},"modified":"2024-04-24T07:00:34","modified_gmt":"2024-04-24T07:00:34","slug":"politica-de-privacidad","status":"publish","type":"page","link":"https:\/\/www.ywsign.com\/es\/politica-de-privacidad\/","title":{"rendered":"pol\u00edtica de privacidad"},"content":{"rendered":"\n<h2 class=\"wp-block-heading\">Quienes somos<\/h2>\n\n<p>La direcci\u00f3n de nuestro sitio web es www.ywsign.com, somos fabricantes chinos de se\u00f1alizaci\u00f3n en Yiwu, China. Le suministramos la mayor\u00eda de los tipos de carteles publicitarios.<\/p>\n\n<h2 class=\"wp-block-heading\">Comentarios<\/h2>\n\n<p>Cuando los visitantes dejan comentarios en el sitio, recopilamos los datos que se muestran en el formulario de comentarios, y tambi\u00e9n la direcci\u00f3n IP del visitante y la cadena de agente de usuario del navegador para ayudar a la detecci\u00f3n de spam.<\/p>\n\n<p>Es posible que se proporcione al servicio Gravatar una cadena an\u00f3nima creada a partir de su direcci\u00f3n de correo electr\u00f3nico (tambi\u00e9n llamada hash) para ver si la est\u00e1 utilizando. La pol\u00edtica de privacidad del servicio Gravatar est\u00e1 disponible aqu\u00ed: Despu\u00e9s de la aprobaci\u00f3n de su comentario, su foto de perfil es visible para el p\u00fablico en el contexto de su comentario.<\/p>\n\n<h2 class=\"wp-block-heading\">Medios de comunicaci\u00f3n<\/h2>\n\n<p>Si subes im\u00e1genes al sitio web, debes evitar subir im\u00e1genes con datos de ubicaci\u00f3n incrustados (GPS EXIF) incluidos. Los visitantes del sitio web pueden descargar y extraer cualquier dato de ubicaci\u00f3n de las im\u00e1genes del sitio web.<\/p>\n\n<h2 class=\"wp-block-heading\">Galletas<\/h2>\n\n<p>Si deja un comentario en nuestro sitio, puede optar por guardar su nombre, direcci\u00f3n de correo electr\u00f3nico y sitio web en cookies. Esto es para tu comodidad para que no tengas que volver a completar tus datos cuando dejes otro comentario. Estas cookies tendr\u00e1n una duraci\u00f3n de un a\u00f1o.<\/p>\n\n<p>Si visita nuestra p\u00e1gina de inicio de sesi\u00f3n, configuraremos una cookie temporal para determinar si su navegador acepta cookies. Esta cookie no contiene datos personales y se descarta al cerrar el navegador.<\/p>\n\n<p>Cuando inicie sesi\u00f3n, tambi\u00e9n configuraremos varias cookies para guardar su informaci\u00f3n de inicio de sesi\u00f3n y sus opciones de visualizaci\u00f3n de pantalla. Las cookies de inicio de sesi\u00f3n duran dos d\u00edas y las cookies de opciones de pantalla duran un a\u00f1o. Si selecciona \u00abRecordarme\u00bb, su inicio de sesi\u00f3n persistir\u00e1 durante dos semanas. Si cierra sesi\u00f3n en su cuenta, se eliminar\u00e1n las cookies de inicio de sesi\u00f3n.<\/p>\n\n<p>Si edita o publica un art\u00edculo, se guardar\u00e1 una cookie adicional en su navegador. Esta cookie no incluye datos personales y simplemente indica el ID de la publicaci\u00f3n del art\u00edculo que acaba de editar. Caduca despu\u00e9s de 1 d\u00eda.<\/p>\n\n<h2 class=\"wp-block-heading\">Contenido incrustado de otros sitios web<\/h2>\n\n<p>Los art\u00edculos de este sitio pueden incluir contenido incrustado (por ejemplo, v\u00eddeos, im\u00e1genes, art\u00edculos, etc.). El contenido incrustado de otros sitios web se comporta exactamente de la misma manera que si el visitante hubiera visitado el otro sitio web.<\/p>\n\n<p>Estos sitios web pueden recopilar datos sobre usted, utilizar cookies, incorporar seguimiento adicional de terceros y monitorear su interacci\u00f3n con ese contenido incrustado, incluido el seguimiento de su interacci\u00f3n con el contenido incrustado si tiene una cuenta y ha iniciado sesi\u00f3n en ese sitio web.<\/p>\n\n<h2 class=\"wp-block-heading\"><strong>Recopilaci\u00f3n de informaci\u00f3n personal<\/strong><\/h2>\n\n<p>La \u00fanica informaci\u00f3n personal que recopilamos a trav\u00e9s de nuestro sitio web es la informaci\u00f3n que nuestros clientes nos env\u00edan voluntariamente. No se obtiene informaci\u00f3n personal por la simple navegaci\u00f3n en el sitio. Recopilamos informaci\u00f3n de uso del sitio web, como la cantidad de p\u00e1ginas visitadas, informaci\u00f3n de navegaci\u00f3n, duraci\u00f3n de la estad\u00eda, nombres de los navegadores utilizados y otra informaci\u00f3n de identificaci\u00f3n no personal.<\/p>\n\n<h2 class=\"wp-block-heading has-medium-font-size\"><strong>Informaci\u00f3n a trav\u00e9s de ofertas por correo electr\u00f3nico<\/strong><\/h2>\n\n<p>Unirse a nuestra lista de correo electr\u00f3nico le da derecho a recibir ofertas especiales para ahorrar dinero, lanzamientos de nuevas variedades, consejos de cultivo y otra informaci\u00f3n. Su informaci\u00f3n puede combinarse con otra informaci\u00f3n de identificaci\u00f3n personal, como datos demogr\u00e1ficos e informaci\u00f3n de compras anteriores, para que nuestros futuros esfuerzos de marketing sean m\u00e1s eficientes. Cuando nos proporciona voluntariamente informaci\u00f3n personal, tiene la posibilidad de optar por no recibir correos electr\u00f3nicos. Tambi\u00e9n puede cambiar de opini\u00f3n y darse de baja en una fecha posterior, ya que cada correo electr\u00f3nico que le enviemos incluir\u00e1 una descripci\u00f3n del proceso simple para permitirle dejar de recibir futuros correos electr\u00f3nicos nuestros. Si decide cancelar la suscripci\u00f3n al programa de correo electr\u00f3nico de Garden Trends, solo recibir\u00e1 comunicaciones nuestras por correo, tel\u00e9fono o correo electr\u00f3nico en lo que respecta a su pedido.<\/p>\n","protected":false},"excerpt":{"rendered":"<p>Quienes somos La direcci\u00f3n de nuestro sitio web es www.ywsign.com, somos fabricantes chinos de se\u00f1alizaci\u00f3n en Yiwu, China. Le suministramos<\/p>\n","protected":false},"author":1,"featured_media":0,"parent":0,"menu_order":0,"comment_status":"closed","ping_status":"open","template":"","meta":{"_seopress_robots_primary_cat":"","_seopress_titles_title":"","_seopress_titles_desc":"","_seopress_robots_index":"","footnotes":""},"class_list":["post-10823","page","type-page","status-publish","hentry"],"_links":{"self":[{"href":"https:\/\/www.ywsign.com\/es\/wp-json\/wp\/v2\/pages\/10823","targetHints":{"allow":["GET"]}}],"collection":[{"href":"https:\/\/www.ywsign.com\/es\/wp-json\/wp\/v2\/pages"}],"about":[{"href":"https:\/\/www.ywsign.com\/es\/wp-json\/wp\/v2\/types\/page"}],"author":[{"embeddable":true,"href":"https:\/\/www.ywsign.com\/es\/wp-json\/wp\/v2\/users\/1"}],"replies":[{"embeddable":true,"href":"https:\/\/www.ywsign.com\/es\/wp-json\/wp\/v2\/comments?post=10823"}],"version-history":[{"count":1,"href":"https:\/\/www.ywsign.com\/es\/wp-json\/wp\/v2\/pages\/10823\/revisions"}],"predecessor-version":[{"id":10824,"href":"https:\/\/www.ywsign.com\/es\/wp-json\/wp\/v2\/pages\/10823\/revisions\/10824"}],"wp:attachment":[{"href":"https:\/\/www.ywsign.com\/es\/wp-json\/wp\/v2\/media?parent=10823"}],"curies":[{"name":"wp","href":"https:\/\/api.w.org\/{rel}","templated":true}]}}