{"id":10805,"date":"2021-08-25T07:26:28","date_gmt":"2021-08-25T07:26:28","guid":{"rendered":"https:\/\/www.ywsign.com\/a-propos-de-nous\/"},"modified":"2024-04-24T03:04:14","modified_gmt":"2024-04-24T03:04:14","slug":"a-propos-de-nous","status":"publish","type":"page","link":"https:\/\/www.ywsign.com\/fr\/a-propos-de-nous\/","title":{"rendered":"\u00c0 propos de nous"},"content":{"rendered":"<div class=\"wpb-content-wrapper\"><p>[vc_row full_width=\u00a0\u00bbstretch_row\u00a0\u00bb content_placement=\u00a0\u00bbmiddle\u00a0\u00bb css=\u00a0\u00bb.vc_custom_1629876973406{margin-top: -40px !important;margin-bottom: 80px !important;padding-top: 80px !important;padding-bottom: 40px !important;background-color: #f9f9f9 !important;}\u00a0\u00bb mobile_bg_img_hidden=\u00a0\u00bbno\u00a0\u00bb tablet_bg_img_hidden=\u00a0\u00bbno\u00a0\u00bb woodmart_parallax=\u00a0\u00bb0&Prime; woodmart_gradient_switch=\u00a0\u00bbno\u00a0\u00bb row_reverse_mobile=\u00a0\u00bb0&Prime; row_reverse_tablet=\u00a0\u00bb0&Prime; woodmart_disable_overflow=\u00a0\u00bb0&Prime; wd_z_index=\u00a0\u00bbno\u00a0\u00bb woodmart_css_id=\u00a0\u00bb6125f2d9a9f9b\u00a0\u00bb responsive_spacing=\u00a0\u00bbeyJwYXJhbV90eXBlIjoid29vZG1hcnRfcmVzcG9uc2l2ZV9zcGFjaW5nIiwic2VsZWN0b3JfaWQiOiI2MTI1ZjJkOWE5ZjliIiwic2hvcnRjb2RlIjoidmNfcm93IiwiZGF0YSI6eyJ0YWJsZXQiOnt9LCJtb2JpbGUiOnsibWFyZ2luLWJvdHRvbSI6IjYwIiwicGFkZGluZy10b3AiOiI2MCIsInBhZGRpbmctYm90dG9tIjoiMjAifX19&Prime;][vc_column css=\u00a0\u00bb.vc_custom_1629876989711{margin-bottom: 40px !important;padding-top: 0px !important;}\u00a0\u00bb mobile_bg_img_hidden=\u00a0\u00bbno\u00a0\u00bb tablet_bg_img_hidden=\u00a0\u00bbno\u00a0\u00bb woodmart_parallax=\u00a0\u00bb0&Prime; woodmart_sticky_column=\u00a0\u00bbfalse\u00a0\u00bb parallax_scroll=\u00a0\u00bbno\u00a0\u00bb mobile_reset_margin=\u00a0\u00bbno\u00a0\u00bb tablet_reset_margin=\u00a0\u00bbno\u00a0\u00bb offset=\u00a0\u00bbvc_col-lg-4 vc_col-md-4 vc_col-xs-12&Prime; wd_z_index=\u00a0\u00bbno\u00a0\u00bb woodmart_css_id=\u00a0\u00bb6125f2fa74bd9&Prime; responsive_spacing=\u00a0\u00bbeyJwYXJhbV90eXBlIjoid29vZG1hcnRfcmVzcG9uc2l2ZV9zcGFjaW5nIiwic2VsZWN0b3JfaWQiOiI2MTI1ZjJmYTc0YmQ5Iiwic2hvcnRjb2RlIjoidmNfY29sdW1uIiwiZGF0YSI6eyJ0YWJsZXQiOnt9LCJtb2JpbGUiOnt9fX0=\u00a0\u00bb]\n\t\t<div id=\"wd-6125f170b4c2c\" class=\"title-wrapper wd-wpb set-mb-s reset-last-child  wd-rs-6125f170b4c2c wd-title-color-primary wd-title-style-default text-left vc_custom_1629876599522 wd-width-enabled wd-underline-colored\" style=\"--wd-max-width: 90%;\">\n\t\t\t\t\t\t\t<div class=\"title-subtitle  subtitle-color-primary font-default subtitle-style-default wd-font-weight-600 wd-fontsize-xs\">QUELQUES MOTS SUR NOUS<\/div>\n\t\t\t\n\t\t\t<div class=\"liner-continer\">\n\t\t\t\t<h4 class=\"woodmart-title-container title  wd-font-weight- wd-fontsize-xxl\" >Un travail d&apos;\u00e9quipe bien coordonn\u00e9 parle de nous<\/h4>\n\t\t\t\t\t\t\t<\/div>\n\t\t\t\n\t\t\t\n\t\t\t\n\t\t<\/div>\n\t\t\n\t\t[\/vc_column][vc_column width=\u00a0\u00bb1\/2&Prime; css=\u00a0\u00bb.vc_custom_1629876984854{margin-bottom: 40px !important;padding-top: 0px !important;}\u00a0\u00bb mobile_bg_img_hidden=\u00a0\u00bbno\u00a0\u00bb tablet_bg_img_hidden=\u00a0\u00bbno\u00a0\u00bb woodmart_parallax=\u00a0\u00bb0&Prime; woodmart_sticky_column=\u00a0\u00bbfalse\u00a0\u00bb parallax_scroll=\u00a0\u00bbno\u00a0\u00bb mobile_reset_margin=\u00a0\u00bbno\u00a0\u00bb tablet_reset_margin=\u00a0\u00bbno\u00a0\u00bb offset=\u00a0\u00bbvc_col-lg-offset-1 vc_col-lg-3 vc_col-md-4&Prime; wd_z_index=\u00a0\u00bbno\u00a0\u00bb woodmart_css_id=\u00a0\u00bb6125f2f5a2779&Prime; responsive_spacing=\u00a0\u00bbeyJwYXJhbV90eXBlIjoid29vZG1hcnRfcmVzcG9uc2l2ZV9zcGFjaW5nIiwic2VsZWN0b3JfaWQiOiI2MTI1ZjJmNWEyNzc5Iiwic2hvcnRjb2RlIjoidmNfY29sdW1uIiwiZGF0YSI6eyJ0YWJsZXQiOnt9LCJtb2JpbGUiOnt9fX0=\u00a0\u00bb]\t\t\t<div class=\"info-box-wrapper\">\n\t\t\t\t<div id=\"wd-661b338cb67c0\" class=\" wd-rs-661b338cb67c0 wd-info-box wd-wpb text-left box-icon-align-left box-style- color-scheme- wd-bg-none wd-items-top with-btn box-btn-static vc_custom_1713058791047\">\n\t\t\t\t\t\t\t\t\t\t<div class=\"info-box-content\">\n\t\t\t\t\t\t<h4 class=\"info-box-title title box-title-style-default wd-fontsize-m\">Nous aimons ce que nous faisons<\/h4>\t\t\t\t\t\t<div class=\"info-box-inner set-cont-mb-s reset-last-child\"><p>Nous sommes un fabricant de signalisation en Chine, acceptons des panneaux de conception personnalis\u00e9e et une signalisation de haute qualit\u00e9 avec une livraison rapide dans le monde entier.<\/p>\n<\/div>\n\n\t\t\t\t\t\t<div class=\"info-btn-wrapper\"><div id=\"wd-69f38dfd5bcdf\" class=\"  wd-button-wrapper text-left\"><a href=\"#\" title=\"\" class=\"btn btn-color-primary btn-style-link btn-style-rectangle btn-size-small\">En savoir plus<\/a><\/div><\/div>\t\t\t\t\t<\/div>\n\n\t\t\t\t\t\n\t\t\t\t\t\t\t\t\t<\/div>\n\t\t\t<\/div>\n\t\t[\/vc_column][vc_column width=\u00a0\u00bb1\/2&Prime; css=\u00a0\u00bb.vc_custom_1629876980184{margin-bottom: 40px !important;padding-top: 0px !important;}\u00a0\u00bb mobile_bg_img_hidden=\u00a0\u00bbno\u00a0\u00bb tablet_bg_img_hidden=\u00a0\u00bbno\u00a0\u00bb woodmart_parallax=\u00a0\u00bb0&Prime; woodmart_sticky_column=\u00a0\u00bbfalse\u00a0\u00bb parallax_scroll=\u00a0\u00bbno\u00a0\u00bb mobile_reset_margin=\u00a0\u00bbno\u00a0\u00bb tablet_reset_margin=\u00a0\u00bbno\u00a0\u00bb offset=\u00a0\u00bbvc_col-lg-offset-1 vc_col-lg-3 vc_col-md-4&Prime; wd_z_index=\u00a0\u00bbno\u00a0\u00bb woodmart_css_id=\u00a0\u00bb6125f2efc6c08&Prime; responsive_spacing=\u00a0\u00bbeyJwYXJhbV90eXBlIjoid29vZG1hcnRfcmVzcG9uc2l2ZV9zcGFjaW5nIiwic2VsZWN0b3JfaWQiOiI2MTI1ZjJlZmM2YzA4Iiwic2hvcnRjb2RlIjoidmNfY29sdW1uIiwiZGF0YSI6eyJ0YWJsZXQiOnt9LCJtb2JpbGUiOnt9fX0=\u00a0\u00bb]\t\t\t<div class=\"info-box-wrapper\">\n\t\t\t\t<div id=\"wd-661b33ec769af\" class=\" wd-rs-661b33ec769af wd-info-box wd-wpb text-left box-icon-align-left box-style- color-scheme- wd-bg-none wd-items-top with-btn box-btn-static vc_custom_1713058862656\">\n\t\t\t\t\t\t\t\t\t\t<div class=\"info-box-content\">\n\t\t\t\t\t\t<h4 class=\"info-box-title title box-title-style-default wd-fontsize-m\">Notre processus de travail<\/h4>\t\t\t\t\t\t<div class=\"info-box-inner set-cont-mb-s reset-last-child\"><p>Concevoir un fichier de dessin 3D, cr\u00e9er un nouveau moule, tester des \u00e9chantillons et produire des commandes plus importantes.<\/p>\n<\/div>\n\n\t\t\t\t\t\t<div class=\"info-btn-wrapper\"><div id=\"wd-69f38dfd5be0b\" class=\"  wd-button-wrapper text-left\"><a href=\"#\" title=\"\" class=\"btn btn-color-primary btn-style-link btn-style-rectangle btn-size-small\">En savoir plus<\/a><\/div><\/div>\t\t\t\t\t<\/div>\n\n\t\t\t\t\t\n\t\t\t\t\t\t\t\t\t<\/div>\n\t\t\t<\/div>\n\t\t[\/vc_column][\/vc_row][vc_row css=\u00a0\u00bb.vc_custom_1629877038080{margin-bottom: 40px !important;}\u00a0\u00bb mobile_bg_img_hidden=\u00a0\u00bbno\u00a0\u00bb tablet_bg_img_hidden=\u00a0\u00bbno\u00a0\u00bb woodmart_parallax=\u00a0\u00bb0&Prime; woodmart_gradient_switch=\u00a0\u00bbno\u00a0\u00bb row_reverse_mobile=\u00a0\u00bb1&Prime; row_reverse_tablet=\u00a0\u00bb1&Prime; woodmart_disable_overflow=\u00a0\u00bb0&Prime; wd_z_index=\u00a0\u00bbno\u00a0\u00bb woodmart_css_id=\u00a0\u00bb6125f32826e3d\u00a0\u00bb responsive_spacing=\u00a0\u00bbeyJwYXJhbV90eXBlIjoid29vZG1hcnRfcmVzcG9uc2l2ZV9zcGFjaW5nIiwic2VsZWN0b3JfaWQiOiI2MTI1ZjMyODI2ZTNkIiwic2hvcnRjb2RlIjoidmNfcm93IiwiZGF0YSI6eyJ0YWJsZXQiOnt9LCJtb2JpbGUiOnsibWFyZ2luLWJvdHRvbSI6IjIwIn19fQ==\u00a0\u00bb][vc_column css=\u00a0\u00bb.vc_custom_1629877010833{margin-bottom: 40px !important;padding-top: 0px !important;}\u00a0\u00bb mobile_bg_img_hidden=\u00a0\u00bbno\u00a0\u00bb tablet_bg_img_hidden=\u00a0\u00bbno\u00a0\u00bb woodmart_parallax=\u00a0\u00bb0&Prime; woodmart_sticky_column=\u00a0\u00bbfalse\u00a0\u00bb parallax_scroll=\u00a0\u00bbno\u00a0\u00bb mobile_reset_margin=\u00a0\u00bbno\u00a0\u00bb tablet_reset_margin=\u00a0\u00bbno\u00a0\u00bb offset=\u00a0\u00bbvc_col-lg-6 vc_col-md-6&Prime; wd_z_index=\u00a0\u00bbno\u00a0\u00bb woodmart_css_id=\u00a0\u00bb6125f30edad72&Prime; responsive_spacing=\u00a0\u00bbeyJwYXJhbV90eXBlIjoid29vZG1hcnRfcmVzcG9uc2l2ZV9zcGFjaW5nIiwic2VsZWN0b3JfaWQiOiI2MTI1ZjMwZWRhZDcyIiwic2hvcnRjb2RlIjoidmNfY29sdW1uIiwiZGF0YSI6eyJ0YWJsZXQiOnt9LCJtb2JpbGUiOnt9fX0=\u00a0\u00bb]\t\t<div id=\"wd-661b3f6364463\" class=\"wd-image wd-wpb wd-rs-661b3f6364463 text-left vc_custom_1713061880581\">\n\t\t\t\n\t\t\t<img loading=\"lazy\" decoding=\"async\" width=\"580\" height=\"580\" src=\"https:\/\/www.ywsign.com\/wp-content\/uploads\/2024\/04\/China-Yiwu-Signage-Factory.jpg\" class=\"attachment-full size-full\" alt=\"china yiwu signage factory\" srcset=\"https:\/\/www.ywsign.com\/wp-content\/uploads\/2024\/04\/China-Yiwu-Signage-Factory.jpg 580w, https:\/\/www.ywsign.com\/wp-content\/uploads\/2024\/04\/China-Yiwu-Signage-Factory-300x300.jpg 300w, https:\/\/www.ywsign.com\/wp-content\/uploads\/2024\/04\/China-Yiwu-Signage-Factory-150x150.jpg 150w, https:\/\/www.ywsign.com\/wp-content\/uploads\/2024\/04\/China-Yiwu-Signage-Factory-430x430.jpg 430w\" sizes=\"auto, (max-width: 580px) 100vw, 580px\" \/>\n\t\t\t\t\t<\/div>\n\t\t[\/vc_column][vc_column css=\u00a0\u00bb.vc_custom_1629877027060{margin-bottom: 40px !important;padding-top: 40px !important;}\u00a0\u00bb mobile_bg_img_hidden=\u00a0\u00bbno\u00a0\u00bb tablet_bg_img_hidden=\u00a0\u00bbno\u00a0\u00bb woodmart_parallax=\u00a0\u00bb0&Prime; woodmart_sticky_column=\u00a0\u00bbfalse\u00a0\u00bb parallax_scroll=\u00a0\u00bbno\u00a0\u00bb mobile_reset_margin=\u00a0\u00bbno\u00a0\u00bb tablet_reset_margin=\u00a0\u00bbno\u00a0\u00bb offset=\u00a0\u00bbvc_col-lg-offset-1 vc_col-lg-5 vc_col-md-6 vc_col-xs-12&Prime; wd_z_index=\u00a0\u00bbno\u00a0\u00bb woodmart_css_id=\u00a0\u00bb6125f320eb687&Prime; responsive_spacing=\u00a0\u00bbeyJwYXJhbV90eXBlIjoid29vZG1hcnRfcmVzcG9uc2l2ZV9zcGFjaW5nIiwic2VsZWN0b3JfaWQiOiI2MTI1ZjMyMGViNjg3Iiwic2hvcnRjb2RlIjoidmNfY29sdW1uIiwiZGF0YSI6eyJ0YWJsZXQiOnt9LCJtb2JpbGUiOnsicGFkZGluZy10b3AiOiIwIn19fQ==\u00a0\u00bb]\n\t\t<div id=\"wd-661b344392f87\" class=\"title-wrapper wd-wpb set-mb-s reset-last-child  wd-rs-661b344392f87 wd-title-color-primary wd-title-style-default text-left vc_custom_1713058918508 wd-underline-colored\">\n\t\t\t\t\t\t\t<div class=\"title-subtitle  subtitle-color-primary font-default subtitle-style-default wd-font-weight-600 wd-fontsize-xs\">Yiwu Xuangyin Signalisation<\/div>\n\t\t\t\n\t\t\t<div class=\"liner-continer\">\n\t\t\t\t<h4 class=\"woodmart-title-container title  wd-font-weight- wd-fontsize-xxl\" >\u00c0 propos de notre usine<\/h4>\n\t\t\t\t\t\t\t<\/div>\n\t\t\t\n\t\t\t\n\t\t\t\n\t\t<\/div>\n\t\t\n\t\t\t\t<div id=\"wd-6125f1b3b3d2c\" class=\"wd-text-block wd-wpb reset-last-child wd-rs-6125f1b3b3d2c text-left wd-width-enabled wd-fontsize-s vc_custom_1629876704818\" style=\"--wd-max-width: 90%;\">\n\t\t\t<p><em>Le rire pend des plumes du docteur \u00e0 la g\u00e2chette, et les membres de la salle sont parfois suivis par les ultricies du lac.<\/em><\/p>\n\t\t<\/div>\n\t\t\t\t<div id=\"wd-661b348b20373\" class=\"wd-text-block wd-wpb reset-last-child wd-rs-661b348b20373 text-left wd-fontsize-custom vc_custom_1713059152365\">\n\t\t\t<p>Yiwu XuanYing Siange Co., Ltd. est situ\u00e9e dans la c\u00e9l\u00e8bre ville du commerce international &#8211; Yiwu.<br \/>\nNous nous sp\u00e9cialisons dans toutes sortes de produits publicitaires, y compris les lettres acryliques sous vide, les lettres en acier inoxydable, les lettres de construction debout, les enseignes lumineuses au n\u00e9on, les caissons lumineux sous vide, tous les logos automobiles chrom\u00e9s de marque et les autocollants d&#8217;embl\u00e8me de voiture d&rsquo;insigne de carrosserie, tous vendus \u00e0 chaud dans le monde. Tous nos produits sont concentr\u00e9s sur une qualit\u00e9 \u00e9lev\u00e9e et tr\u00e8s efficaces pour les magasins, les voitures, les h\u00f4tels, les bars, les entreprises, les supermarch\u00e9s, les showrooms 4s, etc.<\/p>\n<p>Nous sommes dans ce m\u00e9tier depuis plus de 10 ans. Notre usine dispose d&rsquo;\u00e9quipements de production modernes, d&rsquo;une technologie de gestion avanc\u00e9e, d&rsquo;une forte force \u00e9conomique, vraiment un tr\u00e8s bon choix pour vous.<\/p>\n<p>Notre production de haute qualit\u00e9 se caract\u00e9rise par : une tr\u00e8s longue dur\u00e9e de conservation (plus de 3 ans), une formulation unique, anti-chaleur (+50\u2103), antigel (-50\u2103), peut \u00eatre utilis\u00e9e aussi bien en ext\u00e9rieur qu&rsquo;en int\u00e9rieur. C&rsquo;est vraiment un tr\u00e8s bon moyen efficace de r\u00e9aliser des enseignes pour votre magasin de votre espace.<\/p>\n<p>Nous nous concentrons principalement sur la vente en gros de nos produits. Et votre conception peut \u00e9galement \u00eatre trait\u00e9e si la quantit\u00e9 de votre commande est suffisamment importante.<\/p>\n\t\t<\/div>\n\t\t[vc_separator color=\u00a0\u00bbcustom\u00a0\u00bb css=\u00a0\u00bb.vc_custom_1615616514122{margin-bottom: 20px !important;padding-top: 10px !important;}\u00a0\u00bb accent_color=\u00a0\u00bbrgba(10,10,10,0.12)\u00a0\u00bb][vc_row_inner content_placement=\u00a0\u00bbmiddle\u00a0\u00bb row_reverse_mobile=\u00a0\u00bb0&Prime; row_reverse_tablet=\u00a0\u00bb0&Prime;][vc_column_inner width=\u00a0\u00bb1\/2&Prime; css=\u00a0\u00bb.vc_custom_1617632364304{padding-top: 0px !important;}\u00a0\u00bb]\t\t<div id=\"wd-661b3558f1cde\" class=\"wd-text-block wd-wpb reset-last-child wd-rs-661b3558f1cde text-left vc_custom_1713059193888\">\n\t\t\t<p>Yiwu Signage Fournir<\/p>\n\t\t<\/div>\n\t\t[\/vc_column_inner][vc_column_inner width=\u00a0\u00bb1\/2&Prime; css=\u00a0\u00bb.vc_custom_1629877310132{padding-top: 0px !important;}\u00a0\u00bb offset=\u00a0\u00bbvc_hidden-sm vc_hidden-xs\u00a0\u00bb wd_z_index=\u00a0\u00bbno\u00a0\u00bb woodmart_css_id=\u00a0\u00bb6125f438bf39a\u00a0\u00bb responsive_spacing=\u00a0\u00bbeyJwYXJhbV90eXBlIjoid29vZG1hcnRfcmVzcG9uc2l2ZV9zcGFjaW5nIiwic2VsZWN0b3JfaWQiOiI2MTI1ZjQzOGJmMzlhIiwic2hvcnRjb2RlIjoidmNfY29sdW1uX2lubmVyIiwiZGF0YSI6eyJ0YWJsZXQiOnt9LCJtb2JpbGUiOnt9fX0=\u00a0\u00bb]\n\t\t\t<div class=\" wd-rs-661b357db7c6f wd-social-icons  icons-design-colored-alt icons-size-small color-scheme-dark social-share social-form-circle text-right\">\n\n\t\t\t\t\n\t\t\t\t\t\t\t\t\t<a rel=\"noopener noreferrer nofollow\" href=\"https:\/\/www.facebook.com\/sharer\/sharer.php?u=https:\/\/www.ywsign.com\/fr\/a-propos-de-nous\/\" target=\"_blank\" class=\" wd-social-icon social-facebook\" aria-label=\"Facebook social link\">\n\t\t\t\t\t\t<span class=\"wd-icon\"><\/span>\n\t\t\t\t\t\t\t\t\t\t\t<\/a>\n\t\t\t\t\n\t\t\t\t\n\t\t\t\t\t\t\t\t\t<a rel=\"noopener noreferrer nofollow\" href=\"mailto:?subject=Check%20this%20https:\/\/www.ywsign.com\/fr\/a-propos-de-nous\/\" target=\"_blank\" class=\" wd-social-icon social-email\" aria-label=\"Email social link\">\n\t\t\t\t\t\t<span class=\"wd-icon\"><\/span>\n\t\t\t\t\t\t\t\t\t\t\t<\/a>\n\t\t\t\t\n\t\t\t\t\n\t\t\t\t\n\t\t\t\t\t\t\t\t\t<a rel=\"noopener noreferrer nofollow\" href=\"https:\/\/pinterest.com\/pin\/create\/button\/?url=https:\/\/www.ywsign.com\/fr\/a-propos-de-nous\/&media=https:\/\/www.ywsign.com\/wp-includes\/images\/media\/default.svg&description=%C3%80+propos+de+nous\" target=\"_blank\" class=\" wd-social-icon social-pinterest\" aria-label=\"Pinterest social link\">\n\t\t\t\t\t\t<span class=\"wd-icon\"><\/span>\n\t\t\t\t\t\t\t\t\t\t\t<\/a>\n\t\t\t\t\n\t\t\t\t\n\t\t\t\t\n\t\t\t\t\n\t\t\t\t\n\t\t\t\t\n\t\t\t\t\n\t\t\t\t\n\t\t\t\t\n\t\t\t\t\n\t\t\t\t\n\t\t\t\t\t\t\t\t\t<a rel=\"noopener noreferrer nofollow\" href=\"https:\/\/api.whatsapp.com\/send?text=https%3A%2F%2Fwww.ywsign.com%2Ffr%2Fa-propos-de-nous%2F\" target=\"_blank\" class=\"whatsapp-desktop  wd-social-icon social-whatsapp\" aria-label=\"WhatsApp social link\">\n\t\t\t\t\t\t<span class=\"wd-icon\"><\/span>\n\t\t\t\t\t\t\t\t\t\t\t<\/a>\n\t\t\t\t\t\n\t\t\t\t\t<a rel=\"noopener noreferrer nofollow\" href=\"whatsapp:\/\/send?text=https%3A%2F%2Fwww.ywsign.com%2Ffr%2Fa-propos-de-nous%2F\" target=\"_blank\" class=\"whatsapp-mobile  wd-social-icon social-whatsapp\" aria-label=\"WhatsApp social link\">\n\t\t\t\t\t\t<span class=\"wd-icon\"><\/span>\n\t\t\t\t\t\t\t\t\t\t\t<\/a>\n\t\t\t\t\n\t\t\t\t\t\t\t\t\n\t\t\t\t\t\t\t\t\n\t\t\t\t\n\t\t\t\t\n\t\t\t\t\t\t\t\t\t<a rel=\"noopener noreferrer nofollow\" href=\"https:\/\/telegram.me\/share\/url?url=https:\/\/www.ywsign.com\/fr\/a-propos-de-nous\/\" target=\"_blank\" class=\" wd-social-icon social-tg\" aria-label=\"Telegram social link\">\n\t\t\t\t\t\t<span class=\"wd-icon\"><\/span>\n\t\t\t\t\t\t\t\t\t\t\t<\/a>\n\t\t\t\t\t\t\t\t\n\t\t\t\t\n\t\t\t<\/div>\n\n\t\t[\/vc_column_inner][\/vc_row_inner][\/vc_column][\/vc_row][vc_section full_width=\u00a0\u00bbstretch_row\u00a0\u00bb css=\u00a0\u00bb.vc_custom_1629877074547{margin-bottom: 80px !important;padding-top: 80px !important;padding-bottom: 40px !important;background-image: url(http:\/\/www.ywsign.com\/wp-content\/uploads\/2021\/08\/about-us-3-bg.jpg?id=5221) !important;background-position: center !important;background-repeat: no-repeat !important;background-size: cover !important;}\u00a0\u00bb mobile_bg_img_hidden=\u00a0\u00bbno\u00a0\u00bb tablet_bg_img_hidden=\u00a0\u00bbno\u00a0\u00bb woodmart_parallax=\u00a0\u00bb0&Prime; woodmart_gradient_switch=\u00a0\u00bbno\u00a0\u00bb woodmart_disable_overflow=\u00a0\u00bb0&Prime; wd_z_index=\u00a0\u00bbno\u00a0\u00bb woodmart_css_id=\u00a0\u00bb6125f33d39481&Prime; responsive_spacing=\u00a0\u00bbeyJwYXJhbV90eXBlIjoid29vZG1hcnRfcmVzcG9uc2l2ZV9zcGFjaW5nIiwic2VsZWN0b3JfaWQiOiI2MTI1ZjMzZDM5NDgxIiwic2hvcnRjb2RlIjoidmNfc2VjdGlvbiIsImRhdGEiOnsidGFibGV0Ijp7fSwibW9iaWxlIjp7Im1hcmdpbi1ib3R0b20iOiI2MCIsInBhZGRpbmctdG9wIjoiNjAiLCJwYWRkaW5nLWJvdHRvbSI6IjIwIn19fQ==\u00a0\u00bb][vc_row equal_height=\u00a0\u00bbyes\u00a0\u00bb content_placement=\u00a0\u00bbmiddle\u00a0\u00bb css=\u00a0\u00bb.vc_custom_1615814278162{margin-right: -15px !important;margin-left: -15px !important;}\u00a0\u00bb mobile_bg_img_hidden=\u00a0\u00bbno\u00a0\u00bb tablet_bg_img_hidden=\u00a0\u00bbno\u00a0\u00bb woodmart_parallax=\u00a0\u00bb0&Prime; woodmart_gradient_switch=\u00a0\u00bbno\u00a0\u00bb row_reverse_mobile=\u00a0\u00bb0&Prime; row_reverse_tablet=\u00a0\u00bb0&Prime; woodmart_disable_overflow=\u00a0\u00bb0&Prime;][vc_column width=\u00a0\u00bb1\/2&Prime; woodmart_color_scheme=\u00a0\u00bblight\u00a0\u00bb css=\u00a0\u00bb.vc_custom_1629877084287{margin-bottom: 40px !important;padding-top: 10px !important;padding-right: 30px !important;padding-bottom: 10px !important;padding-left: 30px !important;}\u00a0\u00bb mobile_bg_img_hidden=\u00a0\u00bbno\u00a0\u00bb tablet_bg_img_hidden=\u00a0\u00bbno\u00a0\u00bb woodmart_parallax=\u00a0\u00bb0&Prime; woodmart_sticky_column=\u00a0\u00bbfalse\u00a0\u00bb parallax_scroll=\u00a0\u00bbno\u00a0\u00bb mobile_reset_margin=\u00a0\u00bbno\u00a0\u00bb tablet_reset_margin=\u00a0\u00bbno\u00a0\u00bb wd_z_index=\u00a0\u00bbno\u00a0\u00bb woodmart_css_id=\u00a0\u00bb6125f35912e56&Prime; responsive_spacing=\u00a0\u00bbeyJwYXJhbV90eXBlIjoid29vZG1hcnRfcmVzcG9uc2l2ZV9zcGFjaW5nIiwic2VsZWN0b3JfaWQiOiI2MTI1ZjM1OTEyZTU2Iiwic2hvcnRjb2RlIjoidmNfY29sdW1uIiwiZGF0YSI6eyJ0YWJsZXQiOnt9LCJtb2JpbGUiOnt9fX0=\u00a0\u00bb]\n\t\t<div id=\"wd-6125f22440977\" class=\"title-wrapper wd-wpb set-mb-s reset-last-child  wd-rs-6125f22440977 wd-title-color-primary wd-title-style-default text-left vc_custom_1629876777702 wd-width-enabled wd-underline-colored\" style=\"--wd-max-width: 90%;\">\n\t\t\t\t\t\t\t<div class=\"title-subtitle  subtitle-color-primary font-default subtitle-style-default wd-font-weight-600 wd-fontsize-xs\">D\u00c9VELOPP\u00c9 PAR Xuanying STUDIO @ 2014.<\/div>\n\t\t\t\n\t\t\t<div class=\"liner-continer\">\n\t\t\t\t<h4 class=\"woodmart-title-container title  wd-font-weight- wd-fontsize-xxl\" >Nous travaillons sur tous les aspects de la planification<\/h4>\n\t\t\t\t\t\t\t<\/div>\n\t\t\t\n\t\t\t\n\t\t\t\n\t\t<\/div>\n\t\t\n\t\t<div id=\"wd-604c649c35938\" class=\" wd-rs-604c649c35938  wd-button-wrapper text-center inline-element\"><a href=\"#\" title=\"\" class=\"btn btn-color-white btn-style-link btn-style-rectangle btn-size-default\">Nous le faisons pour vous avec amour<\/a><\/div>[\/vc_column][vc_column width=\u00a0\u00bb1\/2&Prime; css=\u00a0\u00bb.vc_custom_1629877079783{margin-bottom: 40px !important;padding-top: 10px !important;padding-right: 15px !important;padding-bottom: 10px !important;padding-left: 15px !important;}\u00a0\u00bb mobile_bg_img_hidden=\u00a0\u00bbno\u00a0\u00bb tablet_bg_img_hidden=\u00a0\u00bbno\u00a0\u00bb woodmart_parallax=\u00a0\u00bb0&Prime; woodmart_sticky_column=\u00a0\u00bbfalse\u00a0\u00bb parallax_scroll=\u00a0\u00bbno\u00a0\u00bb mobile_reset_margin=\u00a0\u00bbno\u00a0\u00bb tablet_reset_margin=\u00a0\u00bbno\u00a0\u00bb wd_z_index=\u00a0\u00bbno\u00a0\u00bb woodmart_css_id=\u00a0\u00bb6125f353ede07&Prime; responsive_spacing=\u00a0\u00bbeyJwYXJhbV90eXBlIjoid29vZG1hcnRfcmVzcG9uc2l2ZV9zcGFjaW5nIiwic2VsZWN0b3JfaWQiOiI2MTI1ZjM1M2VkZTA3Iiwic2hvcnRjb2RlIjoidmNfY29sdW1uIiwiZGF0YSI6eyJ0YWJsZXQiOnt9LCJtb2JpbGUiOnt9fX0=\u00a0\u00bb][vc_row_inner equal_height=\u00a0\u00bbyes\u00a0\u00bb css=\u00a0\u00bb.vc_custom_1615814565315{margin-right: 0px !important;margin-left: 0px !important;border-bottom-width: 1px !important;border-bottom-color: rgba(255,255,255,0.3) !important;border-bottom-style: solid !important;}\u00a0\u00bb row_reverse_mobile=\u00a0\u00bb0&Prime; row_reverse_tablet=\u00a0\u00bb0&Prime;][vc_column_inner width=\u00a0\u00bb1\/2&Prime; css=\u00a0\u00bb.vc_custom_1499604113587{border-right-width: 1px !important;padding-top: 35px !important;border-right-color: rgba(255,255,255,0.3) !important;border-right-style: solid !important;}\u00a0\u00bb offset=\u00a0\u00bbvc_col-xs-6&Prime;]\t\t\t<div class=\"woodmart-counter wd-wpb  wd-rs-6125f23c4e4a1 counter-large text-center color-scheme-light \" id=\"wd-6125f23c4e4a1\">\n\t\t\t\t<div class=\"counter-value wd-font-weight-600\" data-state=\"new\" data-final=\"2012\">2012<\/div>\n\t\t\t\t\t\t\t\t\t<div class=\"counter-label\">ANN\u00c9E DE FONDATION<\/div>\n\t\t\t\t\t\t\t\t\t\t\t<\/div>\n\n\t\t[\/vc_column_inner][vc_column_inner width=\u00a0\u00bb1\/2&Prime; css=\u00a0\u00bb.vc_custom_1499604100036{padding-top: 35px !important;}\u00a0\u00bb offset=\u00a0\u00bbvc_col-xs-6&Prime;]\t\t\t<div class=\"woodmart-counter wd-wpb  wd-rs-6125f24d6cd8a counter-large text-center color-scheme-light \" id=\"wd-6125f24d6cd8a\">\n\t\t\t\t<div class=\"counter-value wd-font-weight-600\" data-state=\"new\" data-final=\"2000\">2000<\/div>\n\t\t\t\t\t\t\t\t\t<div class=\"counter-label\">DES CLIENTS SATISFAITS<\/div>\n\t\t\t\t\t\t\t\t\t\t\t<\/div>\n\n\t\t[\/vc_column_inner][\/vc_row_inner][vc_row_inner css=\u00a0\u00bb.vc_custom_1499603294997{margin-right: 0px !important;margin-left: 0px !important;border-bottom-width: 1px !important;border-bottom-color: rgba(255,255,255,0.3) !important;border-bottom-style: solid !important;}\u00a0\u00bb][vc_column_inner width=\u00a0\u00bb1\/2&Prime; css=\u00a0\u00bb.vc_custom_1499604519781{border-right-width: 1px !important;padding-top: 35px !important;border-right-color: rgba(255,255,255,0.3) !important;border-right-style: solid !important;}\u00a0\u00bb offset=\u00a0\u00bbvc_col-xs-6&Prime;]\t\t\t<div class=\"woodmart-counter wd-wpb  wd-rs-6125f23f9f582 counter-large text-center color-scheme-light \" id=\"wd-6125f23f9f582\">\n\t\t\t\t<div class=\"counter-value wd-font-weight-600\" data-state=\"new\" data-final=\"190\">190<\/div>\n\t\t\t\t\t\t\t\t\t<div class=\"counter-label\">L&#039;ENTREPRISE TRAVAILLE AVEC NOUS<\/div>\n\t\t\t\t\t\t\t\t\t\t\t<\/div>\n\n\t\t[\/vc_column_inner][vc_column_inner width=\u00a0\u00bb1\/2&Prime; css=\u00a0\u00bb.vc_custom_1499604526470{padding-top: 35px !important;}\u00a0\u00bb offset=\u00a0\u00bbvc_col-xs-6&Prime;]\t\t\t<div class=\"woodmart-counter wd-wpb  wd-rs-6125f249e6f78 counter-large text-center color-scheme-light \" id=\"wd-6125f249e6f78\">\n\t\t\t\t<div class=\"counter-value wd-font-weight-600\" data-state=\"new\" data-final=\"2\">2<\/div>\n\t\t\t\t\t\t\t\t\t<div class=\"counter-label\">DES BUREAUX<\/div>\n\t\t\t\t\t\t\t\t\t\t\t<\/div>\n\n\t\t[\/vc_column_inner][\/vc_row_inner][vc_row_inner css=\u00a0\u00bb.vc_custom_1499603310379{margin-right: 0px !important;margin-left: 0px !important;}\u00a0\u00bb][vc_column_inner width=\u00a0\u00bb1\/2&Prime; css=\u00a0\u00bb.vc_custom_1499604535206{border-right-width: 1px !important;padding-top: 35px !important;border-right-color: rgba(255,255,255,0.3) !important;border-right-style: solid !important;}\u00a0\u00bb offset=\u00a0\u00bbvc_col-xs-6&Prime;]\t\t\t<div class=\"woodmart-counter wd-wpb  wd-rs-6125f24316c1f counter-large text-center color-scheme-light \" id=\"wd-6125f24316c1f\">\n\t\t\t\t<div class=\"counter-value wd-font-weight-600\" data-state=\"new\" data-final=\"21\">21<\/div>\n\t\t\t\t\t\t\t\t\t<div class=\"counter-label\">MEMBRES DE L&#039;\u00c9QUIPE<\/div>\n\t\t\t\t\t\t\t\t\t\t\t<\/div>\n\n\t\t[\/vc_column_inner][vc_column_inner width=\u00a0\u00bb1\/2&Prime; css=\u00a0\u00bb.vc_custom_1499604548790{padding-top: 35px !important;}\u00a0\u00bb offset=\u00a0\u00bbvc_col-xs-6&Prime;]\t\t\t<div class=\"woodmart-counter wd-wpb  wd-rs-6125f246b448c counter-large text-center color-scheme-light \" id=\"wd-6125f246b448c\">\n\t\t\t\t<div class=\"counter-value wd-font-weight-600\" data-state=\"new\" data-final=\"750\">750<\/div>\n\t\t\t\t\t\t\t\t\t<div class=\"counter-label\">PROJETS R\u00c9ALIS\u00c9S<\/div>\n\t\t\t\t\t\t\t\t\t\t\t<\/div>\n\n\t\t[\/vc_column_inner][\/vc_row_inner][\/vc_column][\/vc_row][\/vc_section]<\/p>\n<\/div>","protected":false},"excerpt":{"rendered":"<p>[vc_row full_width=\u00a0\u00bbstretch_row\u00a0\u00bb content_placement=\u00a0\u00bbmiddle\u00a0\u00bb css=\u00a0\u00bb.vc_custom_1629876973406{margin-top: -40px !important;margin-bottom: 80px !important;padding-top: 80px !important;padding-bottom: 40px !important;background-color: #f9f9f9 !important;}\u00a0\u00bb mobile_bg_img_hidden=\u00a0\u00bbno\u00a0\u00bb tablet_bg_img_hidden=\u00a0\u00bbno\u00a0\u00bb woodmart_parallax=\u00a0\u00bb0&Prime; woodmart_gradient_switch=\u00a0\u00bbno\u00a0\u00bb row_reverse_mobile=\u00a0\u00bb0&Prime; row_reverse_tablet=\u00a0\u00bb0&Prime;<\/p>\n","protected":false},"author":1,"featured_media":0,"parent":0,"menu_order":0,"comment_status":"closed","ping_status":"closed","template":"","meta":{"_seopress_robots_primary_cat":"","_seopress_titles_title":"","_seopress_titles_desc":"","_seopress_robots_index":"","footnotes":""},"class_list":["post-10805","page","type-page","status-publish","hentry"],"_links":{"self":[{"href":"https:\/\/www.ywsign.com\/fr\/wp-json\/wp\/v2\/pages\/10805","targetHints":{"allow":["GET"]}}],"collection":[{"href":"https:\/\/www.ywsign.com\/fr\/wp-json\/wp\/v2\/pages"}],"about":[{"href":"https:\/\/www.ywsign.com\/fr\/wp-json\/wp\/v2\/types\/page"}],"author":[{"embeddable":true,"href":"https:\/\/www.ywsign.com\/fr\/wp-json\/wp\/v2\/users\/1"}],"replies":[{"embeddable":true,"href":"https:\/\/www.ywsign.com\/fr\/wp-json\/wp\/v2\/comments?post=10805"}],"version-history":[{"count":2,"href":"https:\/\/www.ywsign.com\/fr\/wp-json\/wp\/v2\/pages\/10805\/revisions"}],"predecessor-version":[{"id":10807,"href":"https:\/\/www.ywsign.com\/fr\/wp-json\/wp\/v2\/pages\/10805\/revisions\/10807"}],"wp:attachment":[{"href":"https:\/\/www.ywsign.com\/fr\/wp-json\/wp\/v2\/media?parent=10805"}],"curies":[{"name":"wp","href":"https:\/\/api.w.org\/{rel}","templated":true}]}}