{"id":10825,"date":"2024-04-08T01:42:08","date_gmt":"2024-04-08T01:42:08","guid":{"rendered":"https:\/\/www.ywsign.com\/politica-de-privacidade\/"},"modified":"2024-04-24T07:07:17","modified_gmt":"2024-04-24T07:07:17","slug":"politica-de-privacidade","status":"publish","type":"page","link":"https:\/\/www.ywsign.com\/pt-pt\/politica-de-privacidade\/","title":{"rendered":"pol\u00edtica de Privacidade"},"content":{"rendered":"\n<h2 class=\"wp-block-heading\">Quem n\u00f3s somos<\/h2>\n\n<p>Nosso endere\u00e7o de site \u00e9 www.ywsign.com, somos fabricantes chineses de sinaliza\u00e7\u00e3o em Yiwu, China. N\u00f3s fornecemos a maioria dos tipos de cartazes publicit\u00e1rios para voc\u00ea.<\/p>\n\n<h2 class=\"wp-block-heading\">Coment\u00e1rios<\/h2>\n\n<p>Quando os visitantes deixam coment\u00e1rios no site, coletamos os dados mostrados no formul\u00e1rio de coment\u00e1rios, e tamb\u00e9m o endere\u00e7o IP do visitante e a string do agente do usu\u00e1rio do navegador para ajudar na detec\u00e7\u00e3o de spam.<\/p>\n\n<p>Uma string an\u00f4nima criada a partir do seu endere\u00e7o de e-mail (tamb\u00e9m chamada de hash) pode ser fornecida ao servi\u00e7o Gravatar para verificar se voc\u00ea a est\u00e1 usando. A pol\u00edtica de privacidade do servi\u00e7o Gravatar est\u00e1 dispon\u00edvel aqui: Ap\u00f3s a aprova\u00e7\u00e3o do seu coment\u00e1rio, a foto do seu perfil fica vis\u00edvel ao p\u00fablico no contexto do seu coment\u00e1rio.<\/p>\n\n<h2 class=\"wp-block-heading\">meios de comunica\u00e7\u00e3o<\/h2>\n\n<p>Se voc\u00ea enviar imagens para o site, evite enviar imagens com dados de localiza\u00e7\u00e3o incorporados (EXIF GPS) inclu\u00eddos. Os visitantes do site podem baixar e extrair quaisquer dados de localiza\u00e7\u00e3o das imagens do site.<\/p>\n\n<h2 class=\"wp-block-heading\">Biscoitos<\/h2>\n\n<p>Se voc\u00ea deixar um coment\u00e1rio em nosso site, poder\u00e1 optar por salvar seu nome, endere\u00e7o de e-mail e site em cookies. S\u00e3o para sua comodidade, para que voc\u00ea n\u00e3o precise preencher seus dados novamente ao deixar outro coment\u00e1rio. Esses cookies duram um ano.<\/p>\n\n<p>Se voc\u00ea visitar nossa p\u00e1gina de login, definiremos um cookie tempor\u00e1rio para determinar se o seu navegador aceita cookies. Este cookie n\u00e3o cont\u00e9m dados pessoais e \u00e9 descartado quando voc\u00ea fecha o navegador.<\/p>\n\n<p>Quando voc\u00ea fizer login, tamb\u00e9m configuraremos v\u00e1rios cookies para salvar suas informa\u00e7\u00f5es de login e suas op\u00e7\u00f5es de exibi\u00e7\u00e3o na tela. Os cookies de login duram dois dias e os cookies de op\u00e7\u00f5es de tela duram um ano. Se voc\u00ea selecionar &#8220;Lembrar-me&#8221;, seu login persistir\u00e1 por duas semanas. Se voc\u00ea sair da sua conta, os cookies de login ser\u00e3o removidos.<\/p>\n\n<p>Se voc\u00ea editar ou publicar um artigo, um cookie adicional ser\u00e1 salvo no seu navegador. Este cookie n\u00e3o inclui dados pessoais e simplesmente indica o ID da postagem do artigo que voc\u00ea acabou de editar. Ele expira ap\u00f3s 1 dia.<\/p>\n\n<h2 class=\"wp-block-heading\">Conte\u00fado incorporado de outros sites<\/h2>\n\n<p>Os artigos neste site podem incluir conte\u00fado incorporado (por exemplo, v\u00eddeos, imagens, artigos, etc.). O conte\u00fado incorporado de outros sites se comporta exatamente da mesma maneira como se o visitante tivesse visitado o outro site.<\/p>\n\n<p>Esses sites podem coletar dados sobre voc\u00ea, usar cookies, incorporar rastreamento adicional de terceiros e monitorar sua intera\u00e7\u00e3o com esse conte\u00fado incorporado, incluindo rastrear sua intera\u00e7\u00e3o com o conte\u00fado incorporado se voc\u00ea tiver uma conta e estiver conectado a esse site.<\/p>\n\n<h2 class=\"wp-block-heading\"><strong>Coleta de informa\u00e7\u00f5es pessoais<\/strong><\/h2>\n\n<p>A \u00fanica informa\u00e7\u00e3o pessoal recolhida por n\u00f3s atrav\u00e9s do nosso site \u00e9 a informa\u00e7\u00e3o que nos \u00e9 submetida voluntariamente pelos nossos clientes. Nenhuma informa\u00e7\u00e3o pessoal \u00e9 obtida simplesmente navegando no site. Coletamos informa\u00e7\u00f5es de uso do site, como n\u00famero de p\u00e1ginas visitadas, informa\u00e7\u00f5es de navega\u00e7\u00e3o, tempo de perman\u00eancia, nomes dos navegadores usados e outras informa\u00e7\u00f5es n\u00e3o pessoalmente identific\u00e1veis.<\/p>\n\n<h2 class=\"wp-block-heading has-medium-font-size\"><strong>Informa\u00e7\u00f5es por meio de ofertas por e-mail<\/strong><\/h2>\n\n<p>Juntar-se \u00e0 nossa lista de e-mail d\u00e1 a voc\u00ea o direito de receber ofertas especiais para economizar dinheiro, novos lan\u00e7amentos de variedades, dicas de cultivo e outras informa\u00e7\u00f5es. Suas informa\u00e7\u00f5es podem ser combinadas com outras informa\u00e7\u00f5es de identifica\u00e7\u00e3o pessoal, como dados demogr\u00e1ficos e informa\u00e7\u00f5es de compras anteriores, para tornar nossos esfor\u00e7os de marketing futuros mais eficientes. Quando voc\u00ea nos fornece voluntariamente informa\u00e7\u00f5es pessoais, voc\u00ea tem a op\u00e7\u00e3o de cancelar o recebimento de e-mails. Voc\u00ea tamb\u00e9m pode mudar de ideia e cancelar a inscri\u00e7\u00e3o posteriormente, pois cada e-mail que lhe enviarmos incluir\u00e1 uma descri\u00e7\u00e3o do processo simples para permitir que voc\u00ea pare de receber nossos e-mails futuros. Caso opte por cancelar a assinatura do programa de e-mail Garden Trends, voc\u00ea s\u00f3 receber\u00e1 comunica\u00e7\u00f5es nossas por correio, telefone ou e-mail no que se refere ao seu pedido.<\/p>\n","protected":false},"excerpt":{"rendered":"<p>Quem n\u00f3s somos Nosso endere\u00e7o de site \u00e9 www.ywsign.com, somos fabricantes chineses de sinaliza\u00e7\u00e3o em Yiwu, China. N\u00f3s fornecemos a<\/p>\n","protected":false},"author":1,"featured_media":0,"parent":0,"menu_order":0,"comment_status":"closed","ping_status":"open","template":"","meta":{"_seopress_robots_primary_cat":"","_seopress_titles_title":"","_seopress_titles_desc":"","_seopress_robots_index":"","footnotes":""},"class_list":["post-10825","page","type-page","status-publish","hentry"],"_links":{"self":[{"href":"https:\/\/www.ywsign.com\/pt-pt\/wp-json\/wp\/v2\/pages\/10825","targetHints":{"allow":["GET"]}}],"collection":[{"href":"https:\/\/www.ywsign.com\/pt-pt\/wp-json\/wp\/v2\/pages"}],"about":[{"href":"https:\/\/www.ywsign.com\/pt-pt\/wp-json\/wp\/v2\/types\/page"}],"author":[{"embeddable":true,"href":"https:\/\/www.ywsign.com\/pt-pt\/wp-json\/wp\/v2\/users\/1"}],"replies":[{"embeddable":true,"href":"https:\/\/www.ywsign.com\/pt-pt\/wp-json\/wp\/v2\/comments?post=10825"}],"version-history":[{"count":1,"href":"https:\/\/www.ywsign.com\/pt-pt\/wp-json\/wp\/v2\/pages\/10825\/revisions"}],"predecessor-version":[{"id":10826,"href":"https:\/\/www.ywsign.com\/pt-pt\/wp-json\/wp\/v2\/pages\/10825\/revisions\/10826"}],"wp:attachment":[{"href":"https:\/\/www.ywsign.com\/pt-pt\/wp-json\/wp\/v2\/media?parent=10825"}],"curies":[{"name":"wp","href":"https:\/\/api.w.org\/{rel}","templated":true}]}}